{"id":3955,"date":"2020-09-17T08:29:23","date_gmt":"2020-09-17T08:29:23","guid":{"rendered":"https:\/\/www.pisonivini.it\/prodotto\/moscato-dolce\/"},"modified":"2021-02-24T14:43:49","modified_gmt":"2021-02-24T14:43:49","slug":"moscato-dolce","status":"publish","type":"product","link":"https:\/\/pisonivini.it\/cs\/prodotto\/moscato-dolce\/","title":{"rendered":"Moscato Dolce \u2013 Sladk\u00fd mu\u0161k\u00e1t"},"content":{"rendered":"<p>Odr\u016fda \u017dlut\u00fd mu\u0161k\u00e1t nach\u00e1z\u00ed v\u00a0\u00fadol\u00ed Valle dei Laghi ide\u00e1ln\u00ed prost\u0159ed\u00ed ke spr\u00e1vn\u00e9mu zr\u00e1n\u00ed, kter\u00e9 podporuje vznik jeho typick\u00e9ho aromatu na maximum.<br \/>\nV\u00fdborn\u00e9 m\u00edrn\u011b sladk\u00e9 v\u00edno je vhodn\u00e9 jako aperitiv nebo k\u00a0dezertu.<\/p>\n<table class=\"wines\">\n<tbody>\n<tr>\n<td><strong>Hrozny<\/strong><\/td>\n<td>100% \u017dlut\u00fd mu\u0161k\u00e1t<\/td>\n<\/tr>\n<tr>\n<td><strong>Zpracov\u00e1n\u00ed<\/strong><\/td>\n<td>3-4 m\u011bs\u00edc\u016f v oceli<\/td>\n<\/tr>\n<tr>\n<td><strong>Zr\u00e1n\u00ed v l\u00e1hvi<\/strong><\/td>\n<td>2-3 m\u011bs\u00edce<\/td>\n<\/tr>\n<tr>\n<td><strong>Barva<\/strong><\/td>\n<td>sl\u00e1mov\u011b \u017elut\u00e1<\/td>\n<\/tr>\n<tr>\n<td><strong>V\u016fn\u011b<\/strong><\/td>\n<td>pro odr\u016fdu typick\u00e1<\/td>\n<\/tr>\n<tr>\n<td><strong>Chu\u0165<\/strong><\/td>\n<td>m\u00edrn\u011b sladk\u00e1, p\u0159\u00edjemn\u00e1<\/td>\n<\/tr>\n<\/tbody>\n<\/table>\n<p>&nbsp;<\/p>\n<p><a title=\"Karta\" href=\"\/wp-content\/uploads\/2020\/12\/moscato-scheda-tecnica-data-sheet-pisoni-vini.pdf\" target=\"_blank\" rel=\"noopener noreferrer\">Karta<\/a><\/p>\n","protected":false},"excerpt":{"rendered":"<p>Odr\u016fda \u017dlut\u00fd mu\u0161k\u00e1t nach\u00e1z\u00ed v\u00a0\u00fadol\u00ed Valle dei Laghi ide\u00e1ln\u00ed prost\u0159ed\u00ed ke spr\u00e1vn\u00e9mu zr\u00e1n\u00ed, kter\u00e9 podporuje vznik jeho typick\u00e9ho aromatu na maximum. V\u00fdborn\u00e9 m\u00edrn\u011b sladk\u00e9 v\u00edno je vhodn\u00e9 jako aperitiv nebo k\u00a0dezertu. Hrozny 100% \u017dlut\u00fd mu\u0161k\u00e1t Zpracov\u00e1n\u00ed 3-4 m\u011bs\u00edc\u016f v oceli Zr\u00e1n\u00ed v l\u00e1hvi 2-3 m\u011bs\u00edce Barva sl\u00e1mov\u011b \u017elut\u00e1 V\u016fn\u011b pro odr\u016fdu typick\u00e1 Chu\u0165 m\u00edrn\u011b sladk\u00e1, [&hellip;]<\/p>\n","protected":false},"featured_media":13928,"template":"","meta":[],"product_brand":[],"product_cat":[227],"product_tag":[],"class_list":{"0":"post-3955","1":"product","2":"type-product","3":"status-publish","4":"has-post-thumbnail","6":"product_cat-bila-vina","7":"odd","9":"first","10":"instock","11":"shipping-taxable","12":"purchasable","13":"product-type-simple"},"aioseo_notices":[],"_links":{"self":[{"href":"https:\/\/pisonivini.it\/cs\/wp-json\/wp\/v2\/product\/3955","targetHints":{"allow":["GET"]}}],"collection":[{"href":"https:\/\/pisonivini.it\/cs\/wp-json\/wp\/v2\/product"}],"about":[{"href":"https:\/\/pisonivini.it\/cs\/wp-json\/wp\/v2\/types\/product"}],"wp:featuredmedia":[{"embeddable":true,"href":"https:\/\/pisonivini.it\/cs\/wp-json\/wp\/v2\/media\/13928"}],"wp:attachment":[{"href":"https:\/\/pisonivini.it\/cs\/wp-json\/wp\/v2\/media?parent=3955"}],"wp:term":[{"taxonomy":"product_brand","embeddable":true,"href":"https:\/\/pisonivini.it\/cs\/wp-json\/wp\/v2\/product_brand?post=3955"},{"taxonomy":"product_cat","embeddable":true,"href":"https:\/\/pisonivini.it\/cs\/wp-json\/wp\/v2\/product_cat?post=3955"},{"taxonomy":"product_tag","embeddable":true,"href":"https:\/\/pisonivini.it\/cs\/wp-json\/wp\/v2\/product_tag?post=3955"}],"curies":[{"name":"wp","href":"https:\/\/api.w.org\/{rel}","templated":true}]}}