{"id":3957,"date":"2020-09-17T08:29:23","date_gmt":"2020-09-17T08:29:23","guid":{"rendered":"https:\/\/www.pisonivini.it\/prodotto\/crema-viso-antiage\/"},"modified":"2021-02-24T14:09:14","modified_gmt":"2021-02-24T14:09:14","slug":"krem-proti-vraskam","status":"publish","type":"product","link":"https:\/\/pisonivini.it\/cs\/prodotto\/krem-proti-vraskam\/","title":{"rendered":"Kr\u00e9m proti vr\u00e1sk\u00e1m"},"content":{"rendered":"<p class=\"p1\">S v\u00fdta\u017ekem z\u00a0mlad\u00fdch l\u00edstk\u016f biologicky p\u011bstovan\u00e9 r\u00e9vy.<\/p>\n<p class=\"p1\">V\u00fd\u017eivn\u00fd kr\u00e9m s\u00a0jemnou v\u016fn\u00ed pom\u00e1h\u00e1 celkov\u011b proti st\u00e1rnut\u00ed, d\u00edky p\u016fsoben\u00ed lipid\u016f obsa\u017een\u00fdch ve vinn\u00e9 vod\u011b a d\u00edky antioxidant\u016fm z \u010derven\u00e9ho v\u00edna Reboro. Ple\u0165 je dlouho zdrav\u00e1 a sametov\u00e1, pru\u017en\u00e1 a z\u00e1\u0159iv\u00e1. Je vhodn\u00fd pro v\u0161echny typy pleti a pro ka\u017ed\u00fd v\u011bk. Aplikujeme r\u00e1no a ve\u010der na obli\u010dej a krk.<\/p>\n<p class=\"p1\">Dermatologicky testov\u00e1n.<\/p>\n","protected":false},"excerpt":{"rendered":"<p>S v\u00fdta\u017ekem z\u00a0mlad\u00fdch l\u00edstk\u016f biologicky p\u011bstovan\u00e9 r\u00e9vy. V\u00fd\u017eivn\u00fd kr\u00e9m s\u00a0jemnou v\u016fn\u00ed pom\u00e1h\u00e1 celkov\u011b proti st\u00e1rnut\u00ed, d\u00edky p\u016fsoben\u00ed lipid\u016f obsa\u017een\u00fdch ve vinn\u00e9 vod\u011b a d\u00edky antioxidant\u016fm z \u010derven\u00e9ho v\u00edna Reboro. Ple\u0165 je dlouho zdrav\u00e1 a sametov\u00e1, pru\u017en\u00e1 a z\u00e1\u0159iv\u00e1. Je vhodn\u00fd pro v\u0161echny typy pleti a pro ka\u017ed\u00fd v\u011bk. Aplikujeme r\u00e1no a ve\u010der na obli\u010dej a [&hellip;]<\/p>\n","protected":false},"featured_media":3958,"template":"","meta":[],"product_brand":[],"product_cat":[225],"product_tag":[],"class_list":{"0":"post-3957","1":"product","2":"type-product","3":"status-publish","4":"has-post-thumbnail","6":"product_cat-kosmetika","7":"odd","9":"first","10":"instock","11":"shipping-taxable","12":"purchasable","13":"product-type-simple"},"aioseo_notices":[],"_links":{"self":[{"href":"https:\/\/pisonivini.it\/cs\/wp-json\/wp\/v2\/product\/3957","targetHints":{"allow":["GET"]}}],"collection":[{"href":"https:\/\/pisonivini.it\/cs\/wp-json\/wp\/v2\/product"}],"about":[{"href":"https:\/\/pisonivini.it\/cs\/wp-json\/wp\/v2\/types\/product"}],"wp:featuredmedia":[{"embeddable":true,"href":"https:\/\/pisonivini.it\/cs\/wp-json\/wp\/v2\/media\/3958"}],"wp:attachment":[{"href":"https:\/\/pisonivini.it\/cs\/wp-json\/wp\/v2\/media?parent=3957"}],"wp:term":[{"taxonomy":"product_brand","embeddable":true,"href":"https:\/\/pisonivini.it\/cs\/wp-json\/wp\/v2\/product_brand?post=3957"},{"taxonomy":"product_cat","embeddable":true,"href":"https:\/\/pisonivini.it\/cs\/wp-json\/wp\/v2\/product_cat?post=3957"},{"taxonomy":"product_tag","embeddable":true,"href":"https:\/\/pisonivini.it\/cs\/wp-json\/wp\/v2\/product_tag?post=3957"}],"curies":[{"name":"wp","href":"https:\/\/api.w.org\/{rel}","templated":true}]}}