{"id":3959,"date":"2020-09-17T08:29:22","date_gmt":"2020-09-17T08:29:22","guid":{"rendered":"https:\/\/www.pisonivini.it\/prodotto\/acqua-micellare-struccante\/"},"modified":"2021-02-24T13:50:10","modified_gmt":"2021-02-24T13:50:10","slug":"odlicovaci-micelarni-voda","status":"publish","type":"product","link":"https:\/\/pisonivini.it\/cs\/prodotto\/odlicovaci-micelarni-voda\/","title":{"rendered":"Odli\u010dovac\u00ed micel\u00e1rn\u00ed voda"},"content":{"rendered":"<p class=\"p1\">S\u00a0v\u00fdta\u017ekem z\u00a0mlad\u00fdch l\u00edstk\u016f r\u00e9vy, p\u011bstovan\u00e9 na bio vinici.<br \/>\nOdli\u010duje, tonizuje a hydratuje z\u00e1rove\u0148.<br \/>\nPou\u017e\u00edv\u00e1 se na obli\u010dej a o\u010di, neoplachuje se.<\/p>\n","protected":false},"excerpt":{"rendered":"<p>S\u00a0v\u00fdta\u017ekem z\u00a0mlad\u00fdch l\u00edstk\u016f r\u00e9vy, p\u011bstovan\u00e9 na bio vinici. Odli\u010duje, tonizuje a hydratuje z\u00e1rove\u0148. Pou\u017e\u00edv\u00e1 se na obli\u010dej a o\u010di, neoplachuje se.<\/p>\n","protected":false},"featured_media":3960,"template":"","meta":[],"product_brand":[],"product_cat":[225],"product_tag":[],"class_list":{"0":"post-3959","1":"product","2":"type-product","3":"status-publish","4":"has-post-thumbnail","6":"product_cat-kosmetika","7":"odd","9":"first","10":"instock","11":"shipping-taxable","12":"purchasable","13":"product-type-simple"},"aioseo_notices":[],"_links":{"self":[{"href":"https:\/\/pisonivini.it\/cs\/wp-json\/wp\/v2\/product\/3959","targetHints":{"allow":["GET"]}}],"collection":[{"href":"https:\/\/pisonivini.it\/cs\/wp-json\/wp\/v2\/product"}],"about":[{"href":"https:\/\/pisonivini.it\/cs\/wp-json\/wp\/v2\/types\/product"}],"wp:featuredmedia":[{"embeddable":true,"href":"https:\/\/pisonivini.it\/cs\/wp-json\/wp\/v2\/media\/3960"}],"wp:attachment":[{"href":"https:\/\/pisonivini.it\/cs\/wp-json\/wp\/v2\/media?parent=3959"}],"wp:term":[{"taxonomy":"product_brand","embeddable":true,"href":"https:\/\/pisonivini.it\/cs\/wp-json\/wp\/v2\/product_brand?post=3959"},{"taxonomy":"product_cat","embeddable":true,"href":"https:\/\/pisonivini.it\/cs\/wp-json\/wp\/v2\/product_cat?post=3959"},{"taxonomy":"product_tag","embeddable":true,"href":"https:\/\/pisonivini.it\/cs\/wp-json\/wp\/v2\/product_tag?post=3959"}],"curies":[{"name":"wp","href":"https:\/\/api.w.org\/{rel}","templated":true}]}}